{"id":1700,"date":"2022-09-20T09:00:36","date_gmt":"2022-09-20T07:00:36","guid":{"rendered":"https:\/\/baeren-green-energy.at\/baeren-ipari-park\/"},"modified":"2026-03-24T12:09:15","modified_gmt":"2026-03-24T11:09:15","slug":"baeren-ipari-park","status":"publish","type":"page","link":"https:\/\/baeren-green-energy.at\/hu\/baeren-ipari-park\/","title":{"rendered":"B\u00e4ren Ipari Park"},"content":{"rendered":"\t\t<div data-elementor-type=\"wp-page\" data-elementor-id=\"1700\" class=\"elementor elementor-1700 elementor-536\" data-elementor-post-type=\"page\">\n\t\t\t\t\t\t<section class=\"elementor-section elementor-top-section elementor-element elementor-element-dfc5ab5 elementor-section-full_width elementor-section-height-default elementor-section-height-default\" data-id=\"dfc5ab5\" data-element_type=\"section\" data-e-type=\"section\">\n\t\t\t\t\t\t<div class=\"elementor-container elementor-column-gap-no\">\n\t\t\t\t\t<div class=\"elementor-column elementor-col-100 elementor-top-column elementor-element elementor-element-a38bcef\" data-id=\"a38bcef\" data-element_type=\"column\" data-e-type=\"column\">\n\t\t\t<div class=\"elementor-widget-wrap elementor-element-populated\">\n\t\t\t\t\t\t<div class=\"elementor-element elementor-element-24a8804 elementor-widget elementor-widget-heading\" data-id=\"24a8804\" data-element_type=\"widget\" data-e-type=\"widget\" data-widget_type=\"heading.default\">\n\t\t\t\t<div class=\"elementor-widget-container\">\n\t\t\t\t\t<h2 class=\"elementor-heading-title elementor-size-default\">B\u00c4REN Ipari Park<\/h2>\t\t\t\t<\/div>\n\t\t\t\t<\/div>\n\t\t\t\t\t<\/div>\n\t\t<\/div>\n\t\t\t\t\t<\/div>\n\t\t<\/section>\n\t\t\t\t<section class=\"elementor-section elementor-top-section elementor-element elementor-element-cbdc67a elementor-section-boxed elementor-section-height-default elementor-section-height-default\" data-id=\"cbdc67a\" data-element_type=\"section\" data-e-type=\"section\">\n\t\t\t\t\t\t<div class=\"elementor-container elementor-column-gap-default\">\n\t\t\t\t\t<div class=\"elementor-column elementor-col-33 elementor-top-column elementor-element elementor-element-2ac97ba\" data-id=\"2ac97ba\" data-element_type=\"column\" data-e-type=\"column\">\n\t\t\t<div class=\"elementor-widget-wrap elementor-element-populated\">\n\t\t\t\t\t\t<div class=\"elementor-element elementor-element-90c9527 elementor-widget elementor-widget-heading\" data-id=\"90c9527\" data-element_type=\"widget\" data-e-type=\"widget\" data-widget_type=\"heading.default\">\n\t\t\t\t<div class=\"elementor-widget-container\">\n\t\t\t\t\t<h2 class=\"elementor-heading-title elementor-size-default\">2 megawatt<\/h2>\t\t\t\t<\/div>\n\t\t\t\t<\/div>\n\t\t\t\t\t<\/div>\n\t\t<\/div>\n\t\t\t\t<div class=\"elementor-column elementor-col-33 elementor-top-column elementor-element elementor-element-19539a3\" data-id=\"19539a3\" data-element_type=\"column\" data-e-type=\"column\">\n\t\t\t<div class=\"elementor-widget-wrap elementor-element-populated\">\n\t\t\t\t\t\t<div class=\"elementor-element elementor-element-cadc263 elementor-widget elementor-widget-heading\" data-id=\"cadc263\" data-element_type=\"widget\" data-e-type=\"widget\" data-widget_type=\"heading.default\">\n\t\t\t\t<div class=\"elementor-widget-container\">\n\t\t\t\t\t<h2 class=\"elementor-heading-title elementor-size-default\">5700 modul<\/h2>\t\t\t\t<\/div>\n\t\t\t\t<\/div>\n\t\t\t\t\t<\/div>\n\t\t<\/div>\n\t\t\t\t<div class=\"elementor-column elementor-col-33 elementor-top-column elementor-element elementor-element-68c9177\" data-id=\"68c9177\" data-element_type=\"column\" data-e-type=\"column\">\n\t\t\t<div class=\"elementor-widget-wrap elementor-element-populated\">\n\t\t\t\t\t\t<div class=\"elementor-element elementor-element-c076ce0 elementor-widget elementor-widget-heading\" data-id=\"c076ce0\" data-element_type=\"widget\" data-e-type=\"widget\" data-widget_type=\"heading.default\">\n\t\t\t\t<div class=\"elementor-widget-container\">\n\t\t\t\t\t<h2 class=\"elementor-heading-title elementor-size-default\">16 000 m2 ter\u00fclet<\/h2>\t\t\t\t<\/div>\n\t\t\t\t<\/div>\n\t\t\t\t\t<\/div>\n\t\t<\/div>\n\t\t\t\t\t<\/div>\n\t\t<\/section>\n\t\t\t\t<section class=\"elementor-section elementor-top-section elementor-element elementor-element-08bed89 elementor-section-boxed elementor-section-height-default elementor-section-height-default\" data-id=\"08bed89\" data-element_type=\"section\" data-e-type=\"section\">\n\t\t\t\t\t\t<div class=\"elementor-container elementor-column-gap-default\">\n\t\t\t\t\t<div class=\"elementor-column elementor-col-100 elementor-top-column elementor-element elementor-element-fd6fc62\" data-id=\"fd6fc62\" data-element_type=\"column\" data-e-type=\"column\">\n\t\t\t<div class=\"elementor-widget-wrap elementor-element-populated\">\n\t\t\t\t\t\t<div class=\"elementor-element elementor-element-3df710b elementor-widget elementor-widget-heading\" data-id=\"3df710b\" data-element_type=\"widget\" data-e-type=\"widget\" data-widget_type=\"heading.default\">\n\t\t\t\t<div class=\"elementor-widget-container\">\n\t\t\t\t\t<h5 class=\"elementor-heading-title elementor-size-default\">Telep\u00fcnk aktu\u00e1lis \u00e9rt\u00e9kei<\/h5>\t\t\t\t<\/div>\n\t\t\t\t<\/div>\n\t\t\t\t\t<\/div>\n\t\t<\/div>\n\t\t\t\t\t<\/div>\n\t\t<\/section>\n\t\t\t\t<section class=\"elementor-section elementor-top-section elementor-element elementor-element-8122243 elementor-section-boxed elementor-section-height-default elementor-section-height-default\" data-id=\"8122243\" data-element_type=\"section\" data-e-type=\"section\" data-settings=\"{&quot;background_background&quot;:&quot;classic&quot;}\">\n\t\t\t\t\t\t<div class=\"elementor-container elementor-column-gap-default\">\n\t\t\t\t\t<div class=\"elementor-column elementor-col-33 elementor-top-column elementor-element elementor-element-315a3c9\" data-id=\"315a3c9\" data-element_type=\"column\" data-e-type=\"column\">\n\t\t\t<div class=\"elementor-widget-wrap elementor-element-populated\">\n\t\t\t\t\t\t<div class=\"elementor-element elementor-element-3e5ac2f elementor-view-default elementor-invisible elementor-widget elementor-widget-icon\" data-id=\"3e5ac2f\" data-element_type=\"widget\" data-e-type=\"widget\" data-settings=\"{&quot;_animation&quot;:&quot;slideInDown&quot;}\" data-widget_type=\"icon.default\">\n\t\t\t\t<div class=\"elementor-widget-container\">\n\t\t\t\t\t\t\t<div class=\"elementor-icon-wrapper\">\n\t\t\t<div class=\"elementor-icon\">\n\t\t\t<svg xmlns=\"http:\/\/www.w3.org\/2000\/svg\" viewBox=\"0 0 512 512\"><path d=\"M120.2 154.2c4.672 4.688 10.83 7.031 16.97 7.031S149.5 158.9 154.2 154.2c9.375-9.375 9.375-24.56 0-33.93L108.9 74.97c-9.344-9.375-24.56-9.375-33.94 0s-9.375 24.56 0 33.94L120.2 154.2zM256 112c13.25 0 24-10.75 24-24v-64C280 10.75 269.3 0 256 0S232 10.75 232 24v64C232 101.3 242.8 112 256 112zM112 256c0-13.25-10.75-24-24-24h-64C10.75 232 0 242.8 0 256s10.75 24 24 24h64C101.3 280 112 269.3 112 256zM374.8 161.2c6.141 0 12.3-2.344 16.97-7.031l45.25-45.28c9.375-9.375 9.375-24.56 0-33.94s-24.59-9.375-33.94 0l-45.25 45.28c-9.375 9.375-9.375 24.56 0 33.93C362.5 158.9 368.7 161.2 374.8 161.2zM256 400c-13.25 0-24 10.75-24 24v64C232 501.3 242.8 512 256 512s24-10.75 24-24v-64C280 410.8 269.3 400 256 400zM120.2 357.8l-45.25 45.28c-9.375 9.375-9.375 24.56 0 33.94c4.688 4.688 10.83 7.031 16.97 7.031s12.3-2.344 16.97-7.031l45.25-45.28c9.375-9.375 9.375-24.56 0-33.93S129.6 348.4 120.2 357.8zM488 232h-64c-13.25 0-24 10.75-24 24s10.75 24 24 24h64C501.3 280 512 269.3 512 256S501.3 232 488 232zM391.8 357.8c-9.344-9.375-24.56-9.372-33.94 .0031s-9.375 24.56 0 33.93l45.25 45.28c4.672 4.688 10.83 7.031 16.97 7.031s12.28-2.344 16.97-7.031c9.375-9.375 9.375-24.56 0-33.94L391.8 357.8zM256 144C194.1 144 144 194.1 144 256c0 61.86 50.14 112 112 112s112-50.14 112-112C368 194.1 317.9 144 256 144z\"><\/path><\/svg>\t\t\t<\/div>\n\t\t<\/div>\n\t\t\t\t\t\t<\/div>\n\t\t\t\t<\/div>\n\t\t\t\t<div class=\"elementor-element elementor-element-4999c68 json-values elementor-widget elementor-widget-e-rest-api\" data-id=\"4999c68\" data-element_type=\"widget\" data-e-type=\"widget\" data-widget_type=\"e-rest-api.default\">\n\t\t\t\t<div class=\"elementor-widget-container\">\n\t\t\t\t\t751 kW\t\t\t\t<\/div>\n\t\t\t\t<\/div>\n\t\t\t\t<div class=\"elementor-element elementor-element-7fdd700 elementor-widget elementor-widget-text-editor\" data-id=\"7fdd700\" data-element_type=\"widget\" data-e-type=\"widget\" data-widget_type=\"text-editor.default\">\n\t\t\t\t<div class=\"elementor-widget-container\">\n\t\t\t\t\t\t\t\t\t<p>Aktu\u00e1lis teljes\u00edtm\u00e9ny<\/p>\t\t\t\t\t\t\t\t<\/div>\n\t\t\t\t<\/div>\n\t\t\t\t\t<\/div>\n\t\t<\/div>\n\t\t\t\t<div class=\"elementor-column elementor-col-33 elementor-top-column elementor-element elementor-element-eff5327\" data-id=\"eff5327\" data-element_type=\"column\" data-e-type=\"column\">\n\t\t\t<div class=\"elementor-widget-wrap elementor-element-populated\">\n\t\t\t\t\t\t<div class=\"elementor-element elementor-element-f195f96 elementor-view-default elementor-widget elementor-widget-icon\" data-id=\"f195f96\" data-element_type=\"widget\" data-e-type=\"widget\" data-widget_type=\"icon.default\">\n\t\t\t\t<div class=\"elementor-widget-container\">\n\t\t\t\t\t\t\t<div class=\"elementor-icon-wrapper\">\n\t\t\t<div class=\"elementor-icon\">\n\t\t\t<i aria-hidden=\"true\" class=\"fad fa-solar-panel\"><\/i>\t\t\t<\/div>\n\t\t<\/div>\n\t\t\t\t\t\t<\/div>\n\t\t\t\t<\/div>\n\t\t\t\t<div class=\"elementor-element elementor-element-be77eca json-values elementor-widget elementor-widget-e-rest-api\" data-id=\"be77eca\" data-element_type=\"widget\" data-e-type=\"widget\" data-widget_type=\"e-rest-api.default\">\n\t\t\t\t<div class=\"elementor-widget-container\">\n\t\t\t\t\t872 kWh\t\t\t\t<\/div>\n\t\t\t\t<\/div>\n\t\t\t\t<div class=\"elementor-element elementor-element-8938d17 elementor-widget elementor-widget-text-editor\" data-id=\"8938d17\" data-element_type=\"widget\" data-e-type=\"widget\" data-widget_type=\"text-editor.default\">\n\t\t\t\t<div class=\"elementor-widget-container\">\n\t\t\t\t\t\t\t\t\t<p>Mai energia<\/p>\t\t\t\t\t\t\t\t<\/div>\n\t\t\t\t<\/div>\n\t\t\t\t\t<\/div>\n\t\t<\/div>\n\t\t\t\t<div class=\"elementor-column elementor-col-33 elementor-top-column elementor-element elementor-element-0f6f185\" data-id=\"0f6f185\" data-element_type=\"column\" data-e-type=\"column\">\n\t\t\t<div class=\"elementor-widget-wrap elementor-element-populated\">\n\t\t\t\t\t\t<div class=\"elementor-element elementor-element-2009ed3 elementor-view-default elementor-widget elementor-widget-icon\" data-id=\"2009ed3\" data-element_type=\"widget\" data-e-type=\"widget\" data-widget_type=\"icon.default\">\n\t\t\t\t<div class=\"elementor-widget-container\">\n\t\t\t\t\t\t\t<div class=\"elementor-icon-wrapper\">\n\t\t\t<div class=\"elementor-icon\">\n\t\t\t<i aria-hidden=\"true\" class=\"fal fa-sun\"><\/i>\t\t\t<\/div>\n\t\t<\/div>\n\t\t\t\t\t\t<\/div>\n\t\t\t\t<\/div>\n\t\t\t\t<div class=\"elementor-element elementor-element-23b97ca json-values elementor-widget elementor-widget-e-rest-api\" data-id=\"23b97ca\" data-element_type=\"widget\" data-e-type=\"widget\" data-widget_type=\"e-rest-api.default\">\n\t\t\t\t<div class=\"elementor-widget-container\">\n\t\t\t\t\t146 mWh\t\t\t\t<\/div>\n\t\t\t\t<\/div>\n\t\t\t\t<div class=\"elementor-element elementor-element-ab650d0 elementor-widget elementor-widget-text-editor\" data-id=\"ab650d0\" data-element_type=\"widget\" data-e-type=\"widget\" data-widget_type=\"text-editor.default\">\n\t\t\t\t<div class=\"elementor-widget-container\">\n\t\t\t\t\t\t\t\t\t<p>Havi energia<\/p>\t\t\t\t\t\t\t\t<\/div>\n\t\t\t\t<\/div>\n\t\t\t\t\t<\/div>\n\t\t<\/div>\n\t\t\t\t\t<\/div>\n\t\t<\/section>\n\t\t\t\t<section class=\"elementor-section elementor-top-section elementor-element elementor-element-d6f8700 elementor-section-boxed elementor-section-height-default elementor-section-height-default\" data-id=\"d6f8700\" data-element_type=\"section\" data-e-type=\"section\">\n\t\t\t\t\t\t<div class=\"elementor-container elementor-column-gap-default\">\n\t\t\t\t\t<div class=\"elementor-column elementor-col-50 elementor-top-column elementor-element elementor-element-6d79ca6\" data-id=\"6d79ca6\" data-element_type=\"column\" data-e-type=\"column\">\n\t\t\t<div class=\"elementor-widget-wrap elementor-element-populated\">\n\t\t\t\t\t\t<div class=\"elementor-element elementor-element-71767cf elementor-view-default elementor-invisible elementor-widget elementor-widget-icon\" data-id=\"71767cf\" data-element_type=\"widget\" data-e-type=\"widget\" data-settings=\"{&quot;_animation&quot;:&quot;slideInDown&quot;}\" data-widget_type=\"icon.default\">\n\t\t\t\t<div class=\"elementor-widget-container\">\n\t\t\t\t\t\t\t<div class=\"elementor-icon-wrapper\">\n\t\t\t<div class=\"elementor-icon\">\n\t\t\t<i aria-hidden=\"true\" class=\"fas fa-lightbulb-on\"><\/i>\t\t\t<\/div>\n\t\t<\/div>\n\t\t\t\t\t\t<\/div>\n\t\t\t\t<\/div>\n\t\t\t\t<div class=\"elementor-element elementor-element-b3627f8 json-values elementor-widget elementor-widget-e-rest-api\" data-id=\"b3627f8\" data-element_type=\"widget\" data-e-type=\"widget\" data-widget_type=\"e-rest-api.default\">\n\t\t\t\t<div class=\"elementor-widget-container\">\n\t\t\t\t\t6.391 mWh\t\t\t\t<\/div>\n\t\t\t\t<\/div>\n\t\t\t\t<div class=\"elementor-element elementor-element-c11202c elementor-widget elementor-widget-text-editor\" data-id=\"c11202c\" data-element_type=\"widget\" data-e-type=\"widget\" data-widget_type=\"text-editor.default\">\n\t\t\t\t<div class=\"elementor-widget-container\">\n\t\t\t\t\t\t\t\t\t<p>\u00d6sszes energia<\/p>\t\t\t\t\t\t\t\t<\/div>\n\t\t\t\t<\/div>\n\t\t\t\t\t<\/div>\n\t\t<\/div>\n\t\t\t\t<div class=\"elementor-column elementor-col-50 elementor-top-column elementor-element elementor-element-6e958e5\" data-id=\"6e958e5\" data-element_type=\"column\" data-e-type=\"column\">\n\t\t\t<div class=\"elementor-widget-wrap elementor-element-populated\">\n\t\t\t\t\t\t<div class=\"elementor-element elementor-element-548d90f elementor-view-default elementor-invisible elementor-widget elementor-widget-icon\" data-id=\"548d90f\" data-element_type=\"widget\" data-e-type=\"widget\" data-settings=\"{&quot;_animation&quot;:&quot;slideInDown&quot;}\" data-widget_type=\"icon.default\">\n\t\t\t\t<div class=\"elementor-widget-container\">\n\t\t\t\t\t\t\t<div class=\"elementor-icon-wrapper\">\n\t\t\t<div class=\"elementor-icon\">\n\t\t\t<svg xmlns=\"http:\/\/www.w3.org\/2000\/svg\" viewBox=\"0 0 640 512\"><path d=\"M144 480C64.47 480 0 415.5 0 336C0 273.2 40.17 219.8 96.2 200.1C96.07 197.4 96 194.7 96 192C96 103.6 167.6 32 256 32C315.3 32 367 64.25 394.7 112.2C409.9 101.1 428.3 96 448 96C501 96 544 138.1 544 192C544 204.2 541.7 215.8 537.6 226.6C596 238.4 640 290.1 640 352C640 422.7 582.7 480 512 480H144zM303 392.1C312.4 402.3 327.6 402.3 336.1 392.1L416.1 312.1C426.3 303.6 426.3 288.4 416.1 279C407.6 269.7 392.4 269.7 383 279L344 318.1V184C344 170.7 333.3 160 320 160C306.7 160 296 170.7 296 184V318.1L256.1 279C247.6 269.7 232.4 269.7 223 279C213.7 288.4 213.7 303.6 223 312.1L303 392.1z\"><\/path><\/svg>\t\t\t<\/div>\n\t\t<\/div>\n\t\t\t\t\t\t<\/div>\n\t\t\t\t<\/div>\n\t\t\t\t<div class=\"elementor-element elementor-element-b45cc20 json-values elementor-widget elementor-widget-e-rest-api\" data-id=\"b45cc20\" data-element_type=\"widget\" data-e-type=\"widget\" data-widget_type=\"e-rest-api.default\">\n\t\t\t\t<div class=\"elementor-widget-container\">\n\t\t\t\t\t5.518 t\t\t\t\t<\/div>\n\t\t\t\t<\/div>\n\t\t\t\t<div class=\"elementor-element elementor-element-85f73f7 elementor-widget elementor-widget-text-editor\" data-id=\"85f73f7\" data-element_type=\"widget\" data-e-type=\"widget\" data-widget_type=\"text-editor.default\">\n\t\t\t\t<div class=\"elementor-widget-container\">\n\t\t\t\t\t\t\t\t\tMegtakar\u00edtott <br>CO<sup>2<\/sup>-kibocs\u00e1t\u00e1s\t\t\t\t\t\t\t\t<\/div>\n\t\t\t\t<\/div>\n\t\t\t\t\t<\/div>\n\t\t<\/div>\n\t\t\t\t\t<\/div>\n\t\t<\/section>\n\t\t\t\t<\/div>\n\t\t","protected":false},"excerpt":{"rendered":"<p>B\u00c4REN Ipari Park 2 megawatt 5700 modul 16 000 m2 ter\u00fclet Telep\u00fcnk aktu\u00e1lis \u00e9rt\u00e9kei 920 kW Aktu\u00e1lis teljes\u00edtm\u00e9ny 2,419 kWh Mai energia 93 mWh Havi energia 6.213 mWh \u00d6sszes energia 5.364 t Megtakar\u00edtott CO2-kibocs\u00e1t\u00e1s<\/p>\n","protected":false},"author":1,"featured_media":0,"parent":0,"menu_order":0,"comment_status":"closed","ping_status":"closed","template":"","meta":{"footnotes":""},"class_list":["post-1700","page","type-page","status-publish","hentry"],"_links":{"self":[{"href":"https:\/\/baeren-green-energy.at\/hu\/wp-json\/wp\/v2\/pages\/1700","targetHints":{"allow":["GET"]}}],"collection":[{"href":"https:\/\/baeren-green-energy.at\/hu\/wp-json\/wp\/v2\/pages"}],"about":[{"href":"https:\/\/baeren-green-energy.at\/hu\/wp-json\/wp\/v2\/types\/page"}],"author":[{"embeddable":true,"href":"https:\/\/baeren-green-energy.at\/hu\/wp-json\/wp\/v2\/users\/1"}],"replies":[{"embeddable":true,"href":"https:\/\/baeren-green-energy.at\/hu\/wp-json\/wp\/v2\/comments?post=1700"}],"version-history":[{"count":1,"href":"https:\/\/baeren-green-energy.at\/hu\/wp-json\/wp\/v2\/pages\/1700\/revisions"}],"predecessor-version":[{"id":1701,"href":"https:\/\/baeren-green-energy.at\/hu\/wp-json\/wp\/v2\/pages\/1700\/revisions\/1701"}],"wp:attachment":[{"href":"https:\/\/baeren-green-energy.at\/hu\/wp-json\/wp\/v2\/media?parent=1700"}],"curies":[{"name":"wp","href":"https:\/\/api.w.org\/{rel}","templated":true}]}}