{"id":1736,"date":"2026-03-13T11:08:09","date_gmt":"2026-03-13T10:08:09","guid":{"rendered":"https:\/\/baeren-green-energy.at\/rolunk\/"},"modified":"2026-03-24T14:55:22","modified_gmt":"2026-03-24T13:55:22","slug":"rolunk","status":"publish","type":"page","link":"https:\/\/baeren-green-energy.at\/hu\/rolunk\/","title":{"rendered":"R\u00f3lunk"},"content":{"rendered":"\t\t<div data-elementor-type=\"wp-page\" data-elementor-id=\"1736\" class=\"elementor elementor-1736 elementor-1303\" data-elementor-post-type=\"page\">\n\t\t\t\t<div class=\"elementor-element elementor-element-5131754 e-con-full e-flex e-con e-parent\" data-id=\"5131754\" data-element_type=\"container\" data-e-type=\"container\" data-settings=\"{&quot;background_background&quot;:&quot;video&quot;,&quot;background_video_link&quot;:&quot;https:\\\/\\\/baeren-green-energy.at\\\/wp-content\\\/uploads\\\/2022\\\/10\\\/Baeren-green-energy-final.mp4&quot;,&quot;background_play_on_mobile&quot;:&quot;yes&quot;}\">\n\t\t<div class=\"elementor-background-video-container\">\n\t\t\t\t\t\t\t<video class=\"elementor-background-video-hosted\" role=\"presentation\" autoplay muted playsinline loop><\/video>\n\t\t\t\t\t<\/div><div class=\"elementor-element elementor-element-b7198e8 e-con-full e-flex e-con e-child\" data-id=\"b7198e8\" data-element_type=\"container\" data-e-type=\"container\">\n\t\t\t\t<div class=\"elementor-element elementor-element-188cc9d elementor-widget elementor-widget-heading\" data-id=\"188cc9d\" data-element_type=\"widget\" data-e-type=\"widget\" data-widget_type=\"heading.default\">\n\t\t\t\t<div class=\"elementor-widget-container\">\n\t\t\t\t\t<h1 class=\"elementor-heading-title elementor-size-default\">Mi vagyunk a B\u00e4ren Green Energy<\/h1>\t\t\t\t<\/div>\n\t\t\t\t<\/div>\n\t\t\t\t<div class=\"elementor-element elementor-element-b5b9418 elementor-widget elementor-widget-heading\" data-id=\"b5b9418\" data-element_type=\"widget\" data-e-type=\"widget\" data-widget_type=\"heading.default\">\n\t\t\t\t<div class=\"elementor-widget-container\">\n\t\t\t\t\t<h5 class=\"elementor-heading-title elementor-size-default\">A B\u00e4ren Green Energy fenntarthat\u00f3 energiaprojekteket \u00e9s korszer\u0171 energiainfrastrukt\u00far\u00e1t fejleszt \u00e9s \u00fczemeltet. A v\u00e1llalat az meg\u00fajul\u00f3 energia el\u0151\u00e1ll\u00edt\u00e1s\u00e1t nagy teljes\u00edtm\u00e9ny\u0171 h\u00e1l\u00f3zattechnik\u00e1val, energiat\u00e1rol\u00f3kkal \u00e9s t\u00f6lt\u0151infrastrukt\u00far\u00e1val kapcsolja \u00f6ssze. \n\nA min\u0151s\u00e9gre, hat\u00e9konys\u00e1gra \u00e9s megb\u00edzhat\u00f3s\u00e1gra helyezett egy\u00e9rtelm\u0171 f\u00f3kusz\u00e1val a B\u00e4ren Green Energy ipari, infrastruktur\u00e1lis \u00e9s nemzetk\u00f6zi partnerek sz\u00e1m\u00e1ra val\u00f3s\u00edt meg projekteket.<\/h5>\t\t\t\t<\/div>\n\t\t\t\t<\/div>\n\t\t\t\t<\/div>\n\t\t\t\t<\/div>\n\t\t<div class=\"elementor-element elementor-element-e2b3fcb e-flex e-con-boxed e-con e-parent\" data-id=\"e2b3fcb\" data-element_type=\"container\" data-e-type=\"container\" data-settings=\"{&quot;background_background&quot;:&quot;classic&quot;}\">\n\t\t\t\t\t<div class=\"e-con-inner\">\n\t\t<div class=\"elementor-element elementor-element-bc06c20 e-con-full e-flex e-con e-child\" data-id=\"bc06c20\" data-element_type=\"container\" data-e-type=\"container\">\n\t\t\t\t<div class=\"elementor-element elementor-element-77bb1d1 elementor-widget elementor-widget-heading\" data-id=\"77bb1d1\" data-element_type=\"widget\" data-e-type=\"widget\" data-widget_type=\"heading.default\">\n\t\t\t\t<div class=\"elementor-widget-container\">\n\t\t\t\t\t<h1 class=\"elementor-heading-title elementor-size-default\">Fejl\u0151d\u00e9s\u00fcnk<\/h1>\t\t\t\t<\/div>\n\t\t\t\t<\/div>\n\t\t\t\t<div class=\"elementor-element elementor-element-a61915b elementor-widget elementor-widget-text-editor\" data-id=\"a61915b\" data-element_type=\"widget\" data-e-type=\"widget\" data-widget_type=\"text-editor.default\">\n\t\t\t\t<div class=\"elementor-widget-container\">\n\t\t\t\t\t\t\t\t\t<p class=\"p1\">A B\u00e4ren Green Energy gy\u00f6kerei a karintiai Rosentalban megval\u00f3s\u00edtott nagy naper\u0151m\u0171vi ter\u00fcletek fejleszt\u00e9s\u00e9ig ny\u00falnak vissza. Erre a tapasztalatra \u00e9p\u00edtve a v\u00e1llalat a komplex energiainfrastrukt\u00fara megold\u00e1sok szolg\u00e1ltat\u00f3j\u00e1v\u00e1 fejl\u0151d\u00f6tt. <\/p><p class=\"p1\">Ma a B\u00e4ren Green Energy a modern energiarendszerek teljes \u00e9rt\u00e9kl\u00e1nc\u00e1t lefedi \u2013 az \u00e1ramtermel\u00e9st\u0151l a felhaszn\u00e1l\u00e1sig.<\/p>\t\t\t\t\t\t\t\t<\/div>\n\t\t\t\t<\/div>\n\t\t\t\t<div class=\"elementor-element elementor-element-b74d4ce elementor-mobile-align-left elementor-widget elementor-widget-button\" data-id=\"b74d4ce\" data-element_type=\"widget\" data-e-type=\"widget\" data-widget_type=\"button.default\">\n\t\t\t\t<div class=\"elementor-widget-container\">\n\t\t\t\t\t\t\t\t\t<div class=\"elementor-button-wrapper\">\n\t\t\t\t\t<a class=\"elementor-button elementor-button-link elementor-size-sm\" href=\"https:\/\/baeren-green-energy.at\/hu\/kapcsolat\/\">\n\t\t\t\t\t\t<span class=\"elementor-button-content-wrapper\">\n\t\t\t\t\t\t\t\t\t<span class=\"elementor-button-text\">Kapcsolat<\/span>\n\t\t\t\t\t<\/span>\n\t\t\t\t\t<\/a>\n\t\t\t\t<\/div>\n\t\t\t\t\t\t\t\t<\/div>\n\t\t\t\t<\/div>\n\t\t\t\t<\/div>\n\t\t<div class=\"elementor-element elementor-element-249b163 e-con-full e-flex e-con e-child\" data-id=\"249b163\" data-element_type=\"container\" data-e-type=\"container\">\n\t\t\t\t<div class=\"elementor-element elementor-element-d8ffb9b elementor-widget elementor-widget-image\" data-id=\"d8ffb9b\" data-element_type=\"widget\" data-e-type=\"widget\" data-widget_type=\"image.default\">\n\t\t\t\t<div class=\"elementor-widget-container\">\n\t\t\t\t\t\t\t\t\t\t\t\t\t\t\t<img fetchpriority=\"high\" decoding=\"async\" width=\"800\" height=\"599\" src=\"https:\/\/baeren-green-energy.at\/wp-content\/uploads\/2022\/09\/Glob-Anlage-alt-und-neu-1024x767.jpg\" class=\"attachment-large size-large wp-image-1601\" alt=\"\" srcset=\"https:\/\/baeren-green-energy.at\/wp-content\/uploads\/2022\/09\/Glob-Anlage-alt-und-neu-1024x767.jpg 1024w, https:\/\/baeren-green-energy.at\/wp-content\/uploads\/2022\/09\/Glob-Anlage-alt-und-neu-300x225.jpg 300w, https:\/\/baeren-green-energy.at\/wp-content\/uploads\/2022\/09\/Glob-Anlage-alt-und-neu-768x576.jpg 768w, https:\/\/baeren-green-energy.at\/wp-content\/uploads\/2022\/09\/Glob-Anlage-alt-und-neu.jpg 1441w\" sizes=\"(max-width: 800px) 100vw, 800px\" \/>\t\t\t\t\t\t\t\t\t\t\t\t\t\t\t<\/div>\n\t\t\t\t<\/div>\n\t\t\t\t<\/div>\n\t\t\t\t\t<\/div>\n\t\t\t\t<\/div>\n\t\t<div class=\"elementor-element elementor-element-716a37b e-flex e-con-boxed e-con e-parent\" data-id=\"716a37b\" data-element_type=\"container\" data-e-type=\"container\" data-settings=\"{&quot;background_background&quot;:&quot;classic&quot;}\">\n\t\t\t\t\t<div class=\"e-con-inner\">\n\t\t<div class=\"elementor-element elementor-element-2bf391a e-con-full e-flex e-con e-child\" data-id=\"2bf391a\" data-element_type=\"container\" data-e-type=\"container\">\n\t\t\t\t<div class=\"elementor-element elementor-element-a8844dc elementor-widget elementor-widget-heading\" data-id=\"a8844dc\" data-element_type=\"widget\" data-e-type=\"widget\" data-widget_type=\"heading.default\">\n\t\t\t\t<div class=\"elementor-widget-container\">\n\t\t\t\t\t<h2 class=\"elementor-heading-title elementor-size-default\">Kompetenci\u00e1ink<\/h2>\t\t\t\t<\/div>\n\t\t\t\t<\/div>\n\t\t\t\t<\/div>\n\t\t<div class=\"elementor-element elementor-element-549ca2e e-con-full e-flex e-con e-child\" data-id=\"549ca2e\" data-element_type=\"container\" data-e-type=\"container\">\n\t\t\t\t<div class=\"elementor-element elementor-element-a5ac9fb elementor-view-stacked elementor-shape-square elementor-widget__width-initial elementor-widget-mobile__width-inherit elementor-position-block-start elementor-mobile-position-block-start elementor-widget elementor-widget-icon-box\" data-id=\"a5ac9fb\" data-element_type=\"widget\" data-e-type=\"widget\" data-widget_type=\"icon-box.default\">\n\t\t\t\t<div class=\"elementor-widget-container\">\n\t\t\t\t\t\t\t<div class=\"elementor-icon-box-wrapper\">\n\n\t\t\t\t\t\t<div class=\"elementor-icon-box-icon\">\n\t\t\t\t<span  class=\"elementor-icon elementor-animation-shrink\">\n\t\t\t\t<i aria-hidden=\"true\" class=\"far fa-solar-panel\"><\/i>\t\t\t\t<\/span>\n\t\t\t<\/div>\n\t\t\t\n\t\t\t\t\t\t<div class=\"elementor-icon-box-content\">\n\n\t\t\t\t\t\t\t\t\t<h4 class=\"elementor-icon-box-title\">\n\t\t\t\t\t\t<span  >\n\t\t\t\t\t\t\tNapenergia \u00e9s energiatermel\u00e9s\t\t\t\t\t\t<\/span>\n\t\t\t\t\t<\/h4>\n\t\t\t\t\n\t\t\t\t\n\t\t\t<\/div>\n\t\t\t\n\t\t<\/div>\n\t\t\t\t\t\t<\/div>\n\t\t\t\t<\/div>\n\t\t\t\t<div class=\"elementor-element elementor-element-a414f49 elementor-view-stacked elementor-shape-square elementor-widget__width-initial elementor-widget-mobile__width-inherit elementor-position-block-start elementor-mobile-position-block-start elementor-widget elementor-widget-icon-box\" data-id=\"a414f49\" data-element_type=\"widget\" data-e-type=\"widget\" data-widget_type=\"icon-box.default\">\n\t\t\t\t<div class=\"elementor-widget-container\">\n\t\t\t\t\t\t\t<div class=\"elementor-icon-box-wrapper\">\n\n\t\t\t\t\t\t<div class=\"elementor-icon-box-icon\">\n\t\t\t\t<span  class=\"elementor-icon elementor-animation-shrink\">\n\t\t\t\t<i aria-hidden=\"true\" class=\"far fa-booth-curtain\"><\/i>\t\t\t\t<\/span>\n\t\t\t<\/div>\n\t\t\t\n\t\t\t\t\t\t<div class=\"elementor-icon-box-content\">\n\n\t\t\t\t\t\t\t\t\t<h4 class=\"elementor-icon-box-title\">\n\t\t\t\t\t\t<span  >\n\t\t\t\t\t\t\tTranszform\u00e1torok\t\t\t\t\t\t<\/span>\n\t\t\t\t\t<\/h4>\n\t\t\t\t\n\t\t\t\t\n\t\t\t<\/div>\n\t\t\t\n\t\t<\/div>\n\t\t\t\t\t\t<\/div>\n\t\t\t\t<\/div>\n\t\t\t\t<div class=\"elementor-element elementor-element-aa796f5 elementor-view-stacked elementor-shape-square elementor-widget__width-initial elementor-widget-mobile__width-inherit elementor-position-block-start elementor-mobile-position-block-start elementor-widget elementor-widget-icon-box\" data-id=\"aa796f5\" data-element_type=\"widget\" data-e-type=\"widget\" data-widget_type=\"icon-box.default\">\n\t\t\t\t<div class=\"elementor-widget-container\">\n\t\t\t\t\t\t\t<div class=\"elementor-icon-box-wrapper\">\n\n\t\t\t\t\t\t<div class=\"elementor-icon-box-icon\">\n\t\t\t\t<span  class=\"elementor-icon elementor-animation-shrink\">\n\t\t\t\t<i aria-hidden=\"true\" class=\"far fa-box-up\"><\/i>\t\t\t\t<\/span>\n\t\t\t<\/div>\n\t\t\t\n\t\t\t\t\t\t<div class=\"elementor-icon-box-content\">\n\n\t\t\t\t\t\t\t\t\t<h4 class=\"elementor-icon-box-title\">\n\t\t\t\t\t\t<span  >\n\t\t\t\t\t\t\tKapcsol\u00f3berendez\u00e9sek\t\t\t\t\t\t<\/span>\n\t\t\t\t\t<\/h4>\n\t\t\t\t\n\t\t\t\t\n\t\t\t<\/div>\n\t\t\t\n\t\t<\/div>\n\t\t\t\t\t\t<\/div>\n\t\t\t\t<\/div>\n\t\t\t\t<div class=\"elementor-element elementor-element-55f0a70 elementor-view-stacked elementor-shape-square elementor-widget__width-initial elementor-widget-mobile__width-inherit elementor-position-block-start elementor-mobile-position-block-start elementor-widget elementor-widget-icon-box\" data-id=\"55f0a70\" data-element_type=\"widget\" data-e-type=\"widget\" data-widget_type=\"icon-box.default\">\n\t\t\t\t<div class=\"elementor-widget-container\">\n\t\t\t\t\t\t\t<div class=\"elementor-icon-box-wrapper\">\n\n\t\t\t\t\t\t<div class=\"elementor-icon-box-icon\">\n\t\t\t\t<span  class=\"elementor-icon elementor-animation-shrink\">\n\t\t\t\t<i aria-hidden=\"true\" class=\"far fa-battery-bolt\"><\/i>\t\t\t\t<\/span>\n\t\t\t<\/div>\n\t\t\t\n\t\t\t\t\t\t<div class=\"elementor-icon-box-content\">\n\n\t\t\t\t\t\t\t\t\t<h4 class=\"elementor-icon-box-title\">\n\t\t\t\t\t\t<span  >\n\t\t\t\t\t\t\tAkkumul\u00e1toros energiat\u00e1rol\u00f3k\t\t\t\t\t\t<\/span>\n\t\t\t\t\t<\/h4>\n\t\t\t\t\n\t\t\t\t\n\t\t\t<\/div>\n\t\t\t\n\t\t<\/div>\n\t\t\t\t\t\t<\/div>\n\t\t\t\t<\/div>\n\t\t\t\t<div class=\"elementor-element elementor-element-0b14733 elementor-view-stacked elementor-shape-square elementor-widget__width-initial elementor-widget-mobile__width-inherit elementor-position-block-start elementor-mobile-position-block-start elementor-widget elementor-widget-icon-box\" data-id=\"0b14733\" data-element_type=\"widget\" data-e-type=\"widget\" data-widget_type=\"icon-box.default\">\n\t\t\t\t<div class=\"elementor-widget-container\">\n\t\t\t\t\t\t\t<div class=\"elementor-icon-box-wrapper\">\n\n\t\t\t\t\t\t<div class=\"elementor-icon-box-icon\">\n\t\t\t\t<span  class=\"elementor-icon elementor-animation-shrink\">\n\t\t\t\t<i aria-hidden=\"true\" class=\"far fa-bolt\"><\/i>\t\t\t\t<\/span>\n\t\t\t<\/div>\n\t\t\t\n\t\t\t\t\t\t<div class=\"elementor-icon-box-content\">\n\n\t\t\t\t\t\t\t\t\t<h4 class=\"elementor-icon-box-title\">\n\t\t\t\t\t\t<span  >\n\t\t\t\t\t\t\tT\u00f6lt\u0151infrastrukt\u00fara\t\t\t\t\t\t<\/span>\n\t\t\t\t\t<\/h4>\n\t\t\t\t\n\t\t\t\t\n\t\t\t<\/div>\n\t\t\t\n\t\t<\/div>\n\t\t\t\t\t\t<\/div>\n\t\t\t\t<\/div>\n\t\t\t\t<\/div>\n\t\t\t\t\t<\/div>\n\t\t\t\t<\/div>\n\t\t<div class=\"elementor-element elementor-element-1699dcd e-flex e-con-boxed e-con e-parent\" data-id=\"1699dcd\" data-element_type=\"container\" data-e-type=\"container\" data-settings=\"{&quot;background_background&quot;:&quot;classic&quot;}\">\n\t\t\t\t\t<div class=\"e-con-inner\">\n\t\t<div class=\"elementor-element elementor-element-2947458 e-con-full e-flex e-con e-child\" data-id=\"2947458\" data-element_type=\"container\" data-e-type=\"container\">\n\t\t\t\t<div class=\"elementor-element elementor-element-89164ad elementor-widget elementor-widget-heading\" data-id=\"89164ad\" data-element_type=\"widget\" data-e-type=\"widget\" data-widget_type=\"heading.default\">\n\t\t\t\t<div class=\"elementor-widget-container\">\n\t\t\t\t\t<h1 class=\"elementor-heading-title elementor-size-default\">Megb\u00edzhat\u00f3s\u00e1g, min\u0151s\u00e9g \u00e9s m\u0171szaki kompetencia<\/h1>\t\t\t\t<\/div>\n\t\t\t\t<\/div>\n\t\t\t\t<div class=\"elementor-element elementor-element-9749211 elementor-icon-list--layout-traditional elementor-list-item-link-full_width elementor-widget elementor-widget-icon-list\" data-id=\"9749211\" data-element_type=\"widget\" data-e-type=\"widget\" data-widget_type=\"icon-list.default\">\n\t\t\t\t<div class=\"elementor-widget-container\">\n\t\t\t\t\t\t\t<ul class=\"elementor-icon-list-items\">\n\t\t\t\t\t\t\t<li class=\"elementor-icon-list-item\">\n\t\t\t\t\t\t\t\t\t\t\t<span class=\"elementor-icon-list-icon\">\n\t\t\t\t\t\t\t<i aria-hidden=\"true\" class=\"fas fa-check\"><\/i>\t\t\t\t\t\t<\/span>\n\t\t\t\t\t\t\t\t\t\t<span class=\"elementor-icon-list-text\">M\u00e9lyrehat\u00f3 m\u0171szaki szak\u00e9rtelem<\/span>\n\t\t\t\t\t\t\t\t\t<\/li>\n\t\t\t\t\t\t\t\t<li class=\"elementor-icon-list-item\">\n\t\t\t\t\t\t\t\t\t\t\t<span class=\"elementor-icon-list-icon\">\n\t\t\t\t\t\t\t<i aria-hidden=\"true\" class=\"fas fa-check\"><\/i>\t\t\t\t\t\t<\/span>\n\t\t\t\t\t\t\t\t\t\t<span class=\"elementor-icon-list-text\">Magas projektmin\u0151s\u00e9g<\/span>\n\t\t\t\t\t\t\t\t\t<\/li>\n\t\t\t\t\t\t\t\t<li class=\"elementor-icon-list-item\">\n\t\t\t\t\t\t\t\t\t\t\t<span class=\"elementor-icon-list-icon\">\n\t\t\t\t\t\t\t<i aria-hidden=\"true\" class=\"fas fa-check\"><\/i>\t\t\t\t\t\t<\/span>\n\t\t\t\t\t\t\t\t\t\t<span class=\"elementor-icon-list-text\">Hat\u00e9kony megval\u00f3s\u00edt\u00e1s<\/span>\n\t\t\t\t\t\t\t\t\t<\/li>\n\t\t\t\t\t\t\t\t<li class=\"elementor-icon-list-item\">\n\t\t\t\t\t\t\t\t\t\t\t<span class=\"elementor-icon-list-icon\">\n\t\t\t\t\t\t\t<i aria-hidden=\"true\" class=\"fas fa-check\"><\/i>\t\t\t\t\t\t<\/span>\n\t\t\t\t\t\t\t\t\t\t<span class=\"elementor-icon-list-text\">Hossz\u00fa t\u00e1v\u00fa partners\u00e9gek<\/span>\n\t\t\t\t\t\t\t\t\t<\/li>\n\t\t\t\t\t\t<\/ul>\n\t\t\t\t\t\t<\/div>\n\t\t\t\t<\/div>\n\t\t\t\t<div class=\"elementor-element elementor-element-81bc1eb elementor-mobile-align-left elementor-widget elementor-widget-button\" data-id=\"81bc1eb\" data-element_type=\"widget\" data-e-type=\"widget\" data-widget_type=\"button.default\">\n\t\t\t\t<div class=\"elementor-widget-container\">\n\t\t\t\t\t\t\t\t\t<div class=\"elementor-button-wrapper\">\n\t\t\t\t\t<a class=\"elementor-button elementor-button-link elementor-size-sm\" href=\"https:\/\/baeren-green-energy.at\/hu\/kapcsolat\/\">\n\t\t\t\t\t\t<span class=\"elementor-button-content-wrapper\">\n\t\t\t\t\t\t\t\t\t<span class=\"elementor-button-text\">Kapcsolat<\/span>\n\t\t\t\t\t<\/span>\n\t\t\t\t\t<\/a>\n\t\t\t\t<\/div>\n\t\t\t\t\t\t\t\t<\/div>\n\t\t\t\t<\/div>\n\t\t\t\t<\/div>\n\t\t<div class=\"elementor-element elementor-element-0cfffa7 e-con-full e-flex e-con e-child\" data-id=\"0cfffa7\" data-element_type=\"container\" data-e-type=\"container\">\n\t\t\t\t<div class=\"elementor-element elementor-element-4ff5385 elementor-widget elementor-widget-image\" data-id=\"4ff5385\" data-element_type=\"widget\" data-e-type=\"widget\" data-widget_type=\"image.default\">\n\t\t\t\t<div class=\"elementor-widget-container\">\n\t\t\t\t\t\t\t\t\t\t\t\t\t\t\t<img decoding=\"async\" width=\"800\" height=\"448\" src=\"https:\/\/baeren-green-energy.at\/wp-content\/uploads\/2026\/03\/schaltanlagen-baeren-1024x574.jpeg\" class=\"attachment-large size-large wp-image-2497\" alt=\"\" srcset=\"https:\/\/baeren-green-energy.at\/wp-content\/uploads\/2026\/03\/schaltanlagen-baeren-1024x574.jpeg 1024w, https:\/\/baeren-green-energy.at\/wp-content\/uploads\/2026\/03\/schaltanlagen-baeren-300x168.jpeg 300w, https:\/\/baeren-green-energy.at\/wp-content\/uploads\/2026\/03\/schaltanlagen-baeren-768x430.jpeg 768w, https:\/\/baeren-green-energy.at\/wp-content\/uploads\/2026\/03\/schaltanlagen-baeren-1536x861.jpeg 1536w, https:\/\/baeren-green-energy.at\/wp-content\/uploads\/2026\/03\/schaltanlagen-baeren-2048x1148.jpeg 2048w\" sizes=\"(max-width: 800px) 100vw, 800px\" \/>\t\t\t\t\t\t\t\t\t\t\t\t\t\t\t<\/div>\n\t\t\t\t<\/div>\n\t\t\t\t<\/div>\n\t\t\t\t\t<\/div>\n\t\t\t\t<\/div>\n\t\t<div class=\"elementor-element elementor-element-895cddb e-flex e-con-boxed e-con e-parent\" data-id=\"895cddb\" data-element_type=\"container\" data-e-type=\"container\" data-settings=\"{&quot;background_background&quot;:&quot;classic&quot;}\">\n\t\t\t\t\t<div class=\"e-con-inner\">\n\t\t<div class=\"elementor-element elementor-element-4dc2e70 e-con-full e-flex e-con e-child\" data-id=\"4dc2e70\" data-element_type=\"container\" data-e-type=\"container\">\n\t\t\t\t<div class=\"elementor-element elementor-element-e4bd0f4 elementor-widget elementor-widget-heading\" data-id=\"e4bd0f4\" data-element_type=\"widget\" data-e-type=\"widget\" data-widget_type=\"heading.default\">\n\t\t\t\t<div class=\"elementor-widget-container\">\n\t\t\t\t\t<h2 class=\"elementor-heading-title elementor-size-default\">Er\u0151s partnerek<\/h2>\t\t\t\t<\/div>\n\t\t\t\t<\/div>\n\t\t\t\t<\/div>\n\t\t<div class=\"elementor-element elementor-element-3ccb1d1 e-con-full e-flex e-con e-child\" data-id=\"3ccb1d1\" data-element_type=\"container\" data-e-type=\"container\">\n\t\t\t\t<div class=\"elementor-element elementor-element-c5c63f4 elementor-position-top elementor-widget elementor-widget-image-box\" data-id=\"c5c63f4\" data-element_type=\"widget\" data-e-type=\"widget\" data-widget_type=\"image-box.default\">\n\t\t\t\t<div class=\"elementor-widget-container\">\n\t\t\t\t\t<div class=\"elementor-image-box-wrapper\"><figure class=\"elementor-image-box-img\"><img decoding=\"async\" width=\"384\" height=\"100\" src=\"https:\/\/baeren-green-energy.at\/wp-content\/uploads\/2026\/03\/logo-black.webp\" class=\"attachment-full size-full wp-image-1737\" alt=\"\" srcset=\"https:\/\/baeren-green-energy.at\/wp-content\/uploads\/2026\/03\/logo-black.webp 384w, https:\/\/baeren-green-energy.at\/wp-content\/uploads\/2026\/03\/logo-black-300x78.webp 300w\" sizes=\"(max-width: 384px) 100vw, 384px\" \/><\/figure><div class=\"elementor-image-box-content\"><p class=\"elementor-image-box-description\">Kiemelt partner\u00fcnk a Conversio Group, amellyel k\u00f6z\u00f6sen val\u00f3s\u00edtunk meg innovat\u00edv energia- \u00e9s infrastruktur\u00e1lis projekteket.<\/p><\/div><\/div>\t\t\t\t<\/div>\n\t\t\t\t<\/div>\n\t\t\t\t<\/div>\n\t\t\t\t\t<\/div>\n\t\t\t\t<\/div>\n\t\t\t\t<\/div>\n\t\t","protected":false},"excerpt":{"rendered":"<p>Mi vagyunk a B\u00e4ren Green Energy A B\u00e4ren Green Energy fenntarthat\u00f3 energiaprojekteket \u00e9s korszer\u0171 energiainfrastrukt\u00far\u00e1t fejleszt \u00e9s \u00fczemeltet. A v\u00e1llalat az meg\u00fajul\u00f3 energia el\u0151\u00e1ll\u00edt\u00e1s\u00e1t nagy teljes\u00edtm\u00e9ny\u0171 h\u00e1l\u00f3zattechnik\u00e1val, energiat\u00e1rol\u00f3kkal \u00e9s t\u00f6lt\u0151infrastrukt\u00far\u00e1val kapcsolja \u00f6ssze. A min\u0151s\u00e9gre, hat\u00e9konys\u00e1gra \u00e9s megb\u00edzhat\u00f3s\u00e1gra helyezett egy\u00e9rtelm\u0171 f\u00f3kusz\u00e1val a B\u00e4ren Green Energy ipari, infrastruktur\u00e1lis \u00e9s nemzetk\u00f6zi partnerek sz\u00e1m\u00e1ra val\u00f3s\u00edt meg projekteket. Fejl\u0151d\u00e9s\u00fcnk A [&hellip;]<\/p>\n","protected":false},"author":1,"featured_media":0,"parent":0,"menu_order":0,"comment_status":"closed","ping_status":"closed","template":"","meta":{"footnotes":""},"class_list":["post-1736","page","type-page","status-publish","hentry"],"_links":{"self":[{"href":"https:\/\/baeren-green-energy.at\/hu\/wp-json\/wp\/v2\/pages\/1736","targetHints":{"allow":["GET"]}}],"collection":[{"href":"https:\/\/baeren-green-energy.at\/hu\/wp-json\/wp\/v2\/pages"}],"about":[{"href":"https:\/\/baeren-green-energy.at\/hu\/wp-json\/wp\/v2\/types\/page"}],"author":[{"embeddable":true,"href":"https:\/\/baeren-green-energy.at\/hu\/wp-json\/wp\/v2\/users\/1"}],"replies":[{"embeddable":true,"href":"https:\/\/baeren-green-energy.at\/hu\/wp-json\/wp\/v2\/comments?post=1736"}],"version-history":[{"count":2,"href":"https:\/\/baeren-green-energy.at\/hu\/wp-json\/wp\/v2\/pages\/1736\/revisions"}],"predecessor-version":[{"id":2530,"href":"https:\/\/baeren-green-energy.at\/hu\/wp-json\/wp\/v2\/pages\/1736\/revisions\/2530"}],"wp:attachment":[{"href":"https:\/\/baeren-green-energy.at\/hu\/wp-json\/wp\/v2\/media?parent=1736"}],"curies":[{"name":"wp","href":"https:\/\/api.w.org\/{rel}","templated":true}]}}