{"id":1789,"date":"2022-08-08T14:57:36","date_gmt":"2022-08-08T12:57:36","guid":{"rendered":"https:\/\/baeren-green-energy.at\/informativa-sulla-privacy\/"},"modified":"2026-03-24T12:16:08","modified_gmt":"2026-03-24T11:16:08","slug":"informativa-sulla-privacy","status":"publish","type":"page","link":"https:\/\/baeren-green-energy.at\/it\/informativa-sulla-privacy\/","title":{"rendered":"Informativa sulla privacy"},"content":{"rendered":"\t\t<div data-elementor-type=\"wp-page\" data-elementor-id=\"1789\" class=\"elementor elementor-1789 elementor-3\" data-elementor-post-type=\"page\">\n\t\t\t\t\t\t<section class=\"elementor-section elementor-top-section elementor-element elementor-element-1ed7f59 elementor-section-boxed elementor-section-height-default elementor-section-height-default\" data-id=\"1ed7f59\" data-element_type=\"section\" data-e-type=\"section\">\n\t\t\t\t\t\t<div class=\"elementor-container elementor-column-gap-default\">\n\t\t\t\t\t<div class=\"elementor-column elementor-col-100 elementor-top-column elementor-element elementor-element-c3e80c1\" data-id=\"c3e80c1\" data-element_type=\"column\" data-e-type=\"column\">\n\t\t\t<div class=\"elementor-widget-wrap elementor-element-populated\">\n\t\t\t\t\t\t<div class=\"elementor-element elementor-element-6e76fb9 elementor-widget elementor-widget-text-editor\" data-id=\"6e76fb9\" data-element_type=\"widget\" data-e-type=\"widget\" data-widget_type=\"text-editor.default\">\n\t\t\t\t<div class=\"elementor-widget-container\">\n\t\t\t\t\t\t\t\t\t<h1>Informativa sulla privacy<\/h1>\n<h2>1. Panoramica sulla protezione dei dati<\/h2>\n<h3>Informazioni generali<\/h3> <p>Le seguenti informazioni offrono una semplice panoramica di ci\u00f2 che accade ai tuoi dati personali quando visiti questo sito web. I dati personali sono tutti i dati che permettono di identificarti personalmente. Per informazioni dettagliate sul tema della protezione dei dati, consulta la nostra informativa sulla privacy riportata sotto questo testo.  <\/p>\n<h3>Raccolta dei dati su questo sito web<\/h3> <h4>Chi \u00e8 il responsabile della raccolta dei dati su questo sito web?<\/h4> <p>Il trattamento dei dati su questo sito web \u00e8 effettuato dal gestore del sito. Puoi trovare i suoi dati di contatto nella sezione \u201cNota sul titolare del trattamento\u201d di questa informativa sulla privacy. <\/p> <h4>Come raccogliamo i tuoi dati?<\/h4> <p>I tuoi dati vengono raccolti, da un lato, nel momento in cui ce li comunichi. Pu\u00f2 trattarsi, ad esempio, di dati inseriti in un modulo di contatto. <\/p> <p>Altri dati vengono raccolti automaticamente dai nostri sistemi informatici o previo tuo consenso durante la visita al sito web. Si tratta principalmente di dati tecnici (ad es. browser Internet, sistema operativo o orario della visita alla pagina). La raccolta di questi dati avviene automaticamente non appena accedi a questo sito web.  <\/p> <h4>Per cosa utilizziamo i tuoi dati?<\/h4> <p>Una parte dei dati viene raccolta per garantire una fornitura corretta del sito web. Altri dati possono essere utilizzati per analizzare il tuo comportamento d\u2019uso. Se tramite il sito web \u00e8 possibile stipulare o avviare contratti, i dati trasmessi verranno elaborati anche per offerte contrattuali, ordini o altre richieste di incarico.  <\/p> <h4>Quali sono i tuoi diritti riguardo ai tuoi dati?<\/h4> <p>Hai il diritto di ricevere in qualsiasi momento e gratuitamente informazioni sull\u2019origine, il destinatario e la finalit\u00e0 dei tuoi dati personali memorizzati. Hai inoltre il diritto di richiedere la rettifica o la cancellazione di tali dati. Se hai fornito il consenso al trattamento dei dati, puoi revocarlo in qualsiasi momento per il futuro. Hai inoltre il diritto di richiedere, in determinate circostanze, la limitazione del trattamento dei tuoi dati personali. Ti spetta inoltre il diritto di proporre reclamo all\u2019autorit\u00e0 di controllo competente.    <\/p> <p>Per questo e per altre domande sul tema della protezione dei dati, puoi contattarci in qualsiasi momento.<\/p>\n<h3>Strumenti di analisi e strumenti di terze parti<\/h3> <p>Quando visiti questo sito web, il tuo comportamento di navigazione pu\u00f2 essere analizzato statisticamente. Ci\u00f2 avviene principalmente con i cosiddetti programmi di analisi. <\/p> <p>Puoi trovare informazioni dettagliate su questi programmi di analisi nella seguente informativa sulla privacy.<\/p>\n<h2>2. Hosting<\/h2>\n<p>Ospitiamo i contenuti del nostro sito web presso il seguente fornitore:<\/p>\n<h3>Host Europe<\/h3> <p>Il fornitore \u00e8 Host Europe GmbH, Hansestra\u00dfe 111, 51149, Colonia (di seguito Host Europe). Quando visiti il nostro sito web, Host Europe raccoglie diversi file di log, inclusi i tuoi indirizzi IP.<\/p> <p>Per i dettagli, consulta l\u2019informativa sulla privacy di Host Europe: <a href=\"https:\/\/www.hosteurope.de\/AGB\/Datenschutzerklaerung\/\" target=\"_blank\" rel=\"noopener noreferrer\">https:\/\/www.hosteurope.de\/AGB\/Datenschutzerklaerung\/<\/a>.<\/p> <p>L\u2019utilizzo di Host Europe avviene sulla base dell\u2019art. 6, par. 1, lett. f del GDPR. Abbiamo un legittimo interesse a una presentazione il pi\u00f9 possibile affidabile del nostro sito web. Se \u00e8 stato richiesto un corrispondente consenso, il trattamento avviene esclusivamente sulla base dell\u2019art. 6, par. 1, lett. a del GDPR e del \u00a7 25, par. 1 della TDDDG, nella misura in cui il consenso includa la memorizzazione di cookie o l\u2019accesso a informazioni nel dispositivo dell\u2019utente (ad es. per il fingerprinting del dispositivo) ai sensi della TDDDG. Il consenso \u00e8 revocabile in qualsiasi momento.        <\/p>\n\n<h4>Trattamento dei dati per conto terzi<\/h4> <p>Abbiamo stipulato un contratto per il trattamento dei dati (AVV) per l\u2019utilizzo del servizio sopra menzionato. Si tratta di un contratto prescritto dalla normativa sulla protezione dei dati, che garantisce che il fornitore tratti i dati personali dei visitatori del nostro sito web solo secondo le nostre istruzioni e nel rispetto del GDPR. <\/p>\n<h2>3. Informazioni generali e obbligatorie<\/h2>\n<h3>Protezione dei dati<\/h3> <p>I gestori di queste pagine prendono molto seriamente la protezione dei tuoi dati personali. Trattiamo i tuoi dati personali in modo riservato e in conformit\u00e0 con le disposizioni di legge sulla protezione dei dati e con la presente informativa sulla privacy. <\/p> <p>Quando utilizzi questo sito web, vengono raccolti diversi dati personali. I dati personali sono dati che permettono di identificarti personalmente. La presente informativa sulla privacy spiega quali dati raccogliamo e per cosa li utilizziamo. Spiega inoltre come e per quale scopo ci\u00f2 avviene.   <\/p> <p>Desideriamo sottolineare che la trasmissione di dati su Internet (ad esempio nella comunicazione via e-mail) pu\u00f2 presentare lacune di sicurezza. Una protezione completa dei dati dall\u2019accesso di terzi non \u00e8 possibile. <\/p>\n<h3>Nota sul titolare del trattamento<\/h3> <p>Il titolare del trattamento dei dati su questo sito web \u00e8:<\/p> <p>B\u00e4ren Green Energy GmbH<br>Gewerbestrasse 3<br>A-9184 St. Jakob \/ Rosental<br>Austria<\/p>\n\n<p>Telefono: +43 4253 32050-71<br>E-mail: office@baeren-green-energy.com<\/p>\n <p>Il titolare del trattamento \u00e8 la persona fisica o giuridica che, da sola o insieme ad altri, decide sulle finalit\u00e0 e sui mezzi del trattamento dei dati personali (ad es. nomi, indirizzi e-mail o simili).<\/p>\n\n<h3>Periodo di conservazione<\/h3> <p>A meno che non sia indicato un periodo di conservazione pi\u00f9 specifico in questa informativa sulla privacy, i tuoi dati personali rimarranno presso di noi finch\u00e9 non verr\u00e0 meno lo scopo del trattamento. Se presenti una richiesta legittima di cancellazione o revochi il consenso al trattamento dei dati, i tuoi dati verranno cancellati, a meno che non sussistano altri motivi legalmente ammissibili per la conservazione dei tuoi dati personali (ad es. periodi di conservazione previsti dal diritto fiscale o commerciale); in quest\u2019ultimo caso, la cancellazione avverr\u00e0 dopo che tali motivi saranno venuti meno. <\/p>\n<h3>Informazioni generali sulle basi giuridiche del trattamento dei dati su questo sito web<\/h3> <p>Se hai acconsentito al trattamento dei dati, trattiamo i tuoi dati personali sulla base dell\u2019art. 6, par. 1, lett. a del GDPR o dell\u2019art. 9, par. 2, lett. a del GDPR, se vengono trattate categorie particolari di dati ai sensi dell\u2019art. 9, par. 1 del GDPR. In caso di consenso esplicito al trasferimento di dati personali verso paesi terzi, il trattamento dei dati avviene inoltre sulla base dell\u2019art. 49, par. 1, lett. a del GDPR. Se hai acconsentito alla memorizzazione di cookie o all\u2019accesso a informazioni nel tuo dispositivo (ad es. tramite fingerprinting del dispositivo), il trattamento dei dati avviene inoltre sulla base del \u00a7 25, par. 1 della TDDDG. Il consenso \u00e8 revocabile in qualsiasi momento. Se i tuoi dati sono necessari per l\u2019adempimento di un contratto o per l\u2019esecuzione di misure precontrattuali, trattiamo i tuoi dati sulla base dell\u2019art. 6, par. 1, lett. b del GDPR. Inoltre, trattiamo i tuoi dati se sono necessari per l\u2019adempimento di un obbligo legale sulla base dell\u2019art. 6, par. 1, lett. c del GDPR. Il trattamento dei dati pu\u00f2 inoltre avvenire sulla base del nostro legittimo interesse ai sensi dell\u2019art. 6, par. 1, lett. f del GDPR. Le basi giuridiche applicabili in ogni singolo caso sono indicate nei paragrafi seguenti di questa informativa sulla privacy.                     <\/p>\n<h3>Destinatari dei dati personali<\/h3> <p>Nell\u2019ambito della nostra attivit\u00e0 commerciale, collaboriamo con diversi enti esterni. In alcuni casi, \u00e8 necessaria la trasmissione di dati personali a questi enti esterni. Comunichiamo i dati personali a enti esterni solo se necessario nell\u2019ambito dell\u2019adempimento di un contratto, se siamo legalmente obbligati a farlo (ad es. comunicazione dei dati alle autorit\u00e0 fiscali), se abbiamo un legittimo interesse ai sensi dell\u2019art. 6, par. 1, lett. f del GDPR alla comunicazione o se un\u2019altra base giuridica consente la trasmissione dei dati. In caso di utilizzo di responsabili del trattamento, comunichiamo i dati personali dei nostri clienti solo sulla base di un contratto valido per il trattamento dei dati. In caso di trattamento congiunto, viene stipulato un contratto di contitolarit\u00e0 del trattamento.      <\/p>\n<h3>Revoca del tuo consenso al trattamento dei dati<\/h3> <p>Molte operazioni di trattamento dei dati sono possibili solo con il tuo consenso esplicito. Puoi revocare un consenso gi\u00e0 fornito in qualsiasi momento. La liceit\u00e0 del trattamento dei dati effettuato fino alla revoca rimane impregiudicata dalla revoca stessa.  <\/p>\n<h3>Diritto di opposizione alla raccolta dei dati in casi particolari e alla pubblicit\u00e0 diretta (Art. 21 GDPR)<\/h3> <p>SE IL TRATTAMENTO DEI DATI AVVIENE SULLA BASE DELL\u2019ART. 6, PAR. 1, LETT. E O F DEL GDPR, HAI IL DIRITTO DI OPPORTI IN QUALSIASI MOMENTO, PER MOTIVI DERIVANTI DALLA TUA SITUAZIONE PARTICOLARE, AL TRATTAMENTO DEI TUOI DATI PERSONALI; CI\u00d2 VALE ANCHE PER LA PROFILAZIONE BASATA SU TALI DISPOSIZIONI. LA RISPETTIVA BASE GIURIDICA SU CUI SI FONDA IL TRATTAMENTO \u00c8 RIPORTATA IN QUESTA INFORMATIVA SULLA PRIVACY. SE TI OPPONI, NON TRATTEREMO PI\u00d9 I TUOI DATI PERSONALI INTERESSATI, A MENO CHE NON POSSIAMO DIMOSTRARE MOTIVI LEGITTIMI COGENTI PER IL TRATTAMENTO CHE PREVALGONO SUI TUOI INTERESSI, DIRITTI E LIBERT\u00c0 O IL TRATTAMENTO SERVA ALL\u2019ACCERTAMENTO, ALL\u2019ESERCIZIO O ALLA DIFESA DI DIRITTI IN SEDE GIUDIZIARIA (OPPOSIZIONE AI SENSI DELL\u2019ART. 21, PAR. 1 DEL GDPR).    <\/p> <p>SE I TUOI DATI PERSONALI VENGONO TRATTATI PER FINALIT\u00c0 DI MARKETING DIRETTO, HAI IL DIRITTO DI OPPORTI IN QUALSIASI MOMENTO AL TRATTAMENTO DEI DATI PERSONALI CHE TI RIGUARDANO PER TALI FINALIT\u00c0; CI\u00d2 VALE ANCHE PER LA PROFILAZIONE NELLA MISURA IN CUI SIA CONNESSA A TALE MARKETING DIRETTO. SE TI OPPONI, I TUOI DATI PERSONALI NON SARANNO PI\u00d9 UTILIZZATI PER FINALIT\u00c0 DI MARKETING DIRETTO (OPPOSIZIONE AI SENSI DELL\u2019ART. 21, PAR. 2 DEL GDPR). <\/p>\n<h3>Diritto di proporre reclamo all\u2019autorit\u00e0 di controllo competente<\/h3> <p>In caso di violazioni del GDPR, gli interessati hanno il diritto di proporre reclamo a un\u2019autorit\u00e0 di controllo, in particolare nello Stato membro della loro residenza abituale, del loro luogo di lavoro o del luogo della presunta violazione. Il diritto di reclamo sussiste fatti salvi altri ricorsi amministrativi o giurisdizionali. <\/p>\n<h3>Diritto alla portabilit\u00e0 dei dati<\/h3> <p>Hai il diritto di ricevere i dati che trattiamo automaticamente sulla base del tuo consenso o in esecuzione di un contratto, o di farli consegnare a terzi in un formato comune e leggibile da dispositivo automatico. Se richiedi il trasferimento diretto dei dati a un altro titolare del trattamento, ci\u00f2 avverr\u00e0 solo nella misura in cui sia tecnicamente fattibile. <\/p>\n<h3>Informazione, rettifica e cancellazione<\/h3> <p>Nell\u2019ambito delle disposizioni di legge vigenti, hai il diritto di ricevere in qualsiasi momento e gratuitamente informazioni sui tuoi dati personali memorizzati, sulla loro origine e sui destinatari e sulla finalit\u00e0 del trattamento dei dati e, se del caso, il diritto alla rettifica o alla cancellazione di tali dati. Per questo e per altre domande sul tema dei dati personali, puoi contattarci in qualsiasi momento. <\/p>\n<h3>Diritto di limitazione del trattamento<\/h3> <p>Hai il diritto di richiedere la limitazione del trattamento dei tuoi dati personali. Per farlo, puoi contattarci in qualsiasi momento. Il diritto alla limitazione del trattamento sussiste nei seguenti casi:  <\/p> <ul> <li>Se contesti l\u2019esattezza dei tuoi dati personali memorizzati presso di noi, di norma abbiamo bisogno di tempo per verificarlo. Per la durata della verifica, hai il diritto di richiedere la limitazione del trattamento dei tuoi dati personali. <\/li> <li>Se il trattamento dei tuoi dati personali \u00e8 avvenuto o avviene in modo illecito, puoi richiedere la limitazione del trattamento dei dati invece della cancellazione.<\/li> <li>Se non abbiamo pi\u00f9 bisogno dei tuoi dati personali, ma tu ne hai bisogno per l\u2019esercizio, la difesa o l\u2019accertamento di diritti in sede giudiziaria, hai il diritto di richiedere la limitazione del trattamento dei tuoi dati personali invece della cancellazione.<\/li> <li>Se hai presentato un\u2019opposizione ai sensi dell\u2019art. 21, par. 1 del GDPR, deve essere effettuato un bilanciamento tra i tuoi interessi e i nostri. Finch\u00e9 non \u00e8 stato stabilito quali interessi prevalgano, hai il diritto di richiedere la limitazione del trattamento dei tuoi dati personali.  <\/li> <\/ul> <p>Se hai limitato il trattamento dei tuoi dati personali, tali dati \u2013 a parte la loro conservazione \u2013 possono essere trattati solo con il tuo consenso o per l\u2019accertamento, l\u2019esercizio o la difesa di diritti in sede giudiziaria o per la tutela dei diritti di un\u2019altra persona fisica o giuridica o per motivi di interesse pubblico rilevante dell\u2019Unione Europea o di uno Stato membro.<\/p>\n<h3>Crittografia SSL o TLS<\/h3> <p>Per motivi di sicurezza e per proteggere la trasmissione di contenuti riservati, come ad esempio gli ordini o le richieste che invii a noi come gestori del sito, questo sito utilizza la crittografia SSL o TLS. Puoi riconoscere una connessione crittografata dal fatto che la riga dell\u2019indirizzo del browser passa da \u201chttp:\/\/\u201d a \u201chttps:\/\/\u201d e dal simbolo del lucchetto nella riga del browser. <\/p> <p>Se la crittografia SSL o TLS \u00e8 attivata, i dati che ci trasmetti non possono essere letti da terzi.<\/p>\n<h2>4. Raccolta dei dati su questo sito web<\/h2>\n<h3>Cookie<\/h3> <p>Le nostre pagine Internet utilizzano i cosiddetti \u201ccookie\u201d. I cookie sono piccoli pacchetti di dati e non danneggiano il tuo dispositivo. Vengono memorizzati sul tuo dispositivo temporaneamente per la durata di una sessione (cookie di sessione) o in modo permanente (cookie permanenti). I cookie di sessione vengono cancellati automaticamente al termine della tua visita. I cookie permanenti rimangono memorizzati sul tuo dispositivo finch\u00e9 non li cancelli tu stesso o finch\u00e9 non avviene una cancellazione automatica da parte del tuo browser web.    <\/p> <p>I cookie possono provenire da noi (cookie di prima parte) o da aziende terze (i cosiddetti cookie di terze parti). I cookie di terze parti consentono l\u2019integrazione di determinati servizi di aziende terze all\u2019interno delle pagine web (ad es. cookie per la gestione dei servizi di pagamento). <\/p> <p>I cookie hanno diverse funzioni. Molti cookie sono tecnicamente necessari, poich\u00e9 alcune funzioni del sito web non funzionerebbero senza di essi (ad es. la funzione carrello o la visualizzazione di video). Altri cookie possono essere utilizzati per valutare il comportamento dell\u2019utente o per scopi pubblicitari.  <\/p> <p>I cookie necessari per l\u2019esecuzione del processo di comunicazione elettronica, per la fornitura di determinate funzioni da te richieste (ad es. per la funzione carrello) o per l\u2019ottimizzazione del sito web (ad es. cookie per la misurazione dell\u2019audience web) (cookie necessari), vengono memorizzati sulla base dell\u2019art. 6, par. 1, lett. f del GDPR, a meno che non venga indicata un\u2019altra base giuridica. Il gestore del sito web ha un legittimo interesse alla memorizzazione dei cookie necessari per la fornitura tecnicamente corretta e ottimizzata dei suoi servizi. Se \u00e8 stato richiesto il consenso alla memorizzazione di cookie e tecnologie di riconoscimento comparabili, il trattamento avviene esclusivamente sulla base di tale consenso (art. 6, par. 1, lett. a del GDPR e \u00a7 25, par. 1 della TDDDG); il consenso \u00e8 revocabile in qualsiasi momento.    <\/p> <p>Puoi impostare il tuo browser in modo da essere informato sull\u2019impostazione dei cookie e consentire i cookie solo in singoli casi, escludere l\u2019accettazione dei cookie per determinati casi o in generale, nonch\u00e9 attivare la cancellazione automatica dei cookie alla chiusura del browser. Disattivando i cookie, la funzionalit\u00e0 di questo sito web potrebbe essere limitata. <\/p> <p>Se su questo sito web vengono utilizzati altri cookie e servizi, puoi trovarli in questa informativa sulla privacy.<\/p>\n<h3>Modulo di contatto<\/h3> <p>Se ci invii richieste tramite il modulo di contatto, i tuoi dati contenuti nel modulo di richiesta, inclusi i dati di contatto da te forniti, verranno memorizzati da noi allo scopo di elaborare la richiesta e in caso di domande successive. Non comunichiamo questi dati senza il tuo consenso. <\/p> <p>Il trattamento di questi dati avviene sulla base dell\u2019art. 6, par. 1, lett. b del GDPR, se la tua richiesta \u00e8 connessa all\u2019adempimento di un contratto o \u00e8 necessaria per l\u2019esecuzione di misure precontrattuali. In tutti gli altri casi, il trattamento si basa sul nostro legittimo interesse all\u2019efficace elaborazione delle richieste a noi rivolte (art. 6, par. 1, lett. f del GDPR) o sul tuo consenso (art. 6, par. 1, lett. a del GDPR) se richiesto; il consenso \u00e8 revocabile in qualsiasi momento.   <\/p> <p>I dati inseriti nel modulo di contatto rimarranno presso di noi finch\u00e9 non ci chiederai di cancellarli, non revocherai il consenso alla memorizzazione o non verr\u00e0 meno lo scopo della memorizzazione dei dati (ad es. dopo che l\u2019elaborazione della tua richiesta \u00e8 stata completata). Le disposizioni di legge obbligatorie \u2013 in particolare i periodi di conservazione \u2013 rimangono impregiudicate. <\/p>\n<h3>Richiesta via e-mail, telefono o fax<\/h3> <p>Se ci contatti via e-mail, telefono o fax, la tua richiesta, inclusi tutti i dati personali che ne derivano (nome, richiesta), verr\u00e0 memorizzata e trattata da noi allo scopo di elaborare la tua istanza. Non comunichiamo questi dati senza il tuo consenso. <\/p> <p>Il trattamento di questi dati avviene sulla base dell\u2019art. 6, par. 1, lett. b del GDPR, se la tua richiesta \u00e8 connessa all\u2019adempimento di un contratto o \u00e8 necessaria per l\u2019esecuzione di misure precontrattuali. In tutti gli altri casi, il trattamento si basa sul nostro legittimo interesse all\u2019efficace elaborazione delle richieste a noi rivolte (art. 6, par. 1, lett. f del GDPR) o sul tuo consenso (art. 6, par. 1, lett. a del GDPR) se richiesto; il consenso \u00e8 revocabile in qualsiasi momento.   <\/p> <p>I dati che ci invii tramite richieste di contatto rimarranno presso di noi finch\u00e9 non ci chiederai di cancellarli, non revocherai il consenso alla memorizzazione o non verr\u00e0 meno lo scopo della memorizzazione dei dati (ad es. dopo che l\u2019elaborazione della tua istanza \u00e8 stata completata). Le disposizioni di legge obbligatorie \u2013 in particolare i periodi di conservazione previsti dalla legge \u2013 rimangono impregiudicate. <\/p>\n<h2>5. Plugin e strumenti<\/h2>\n<h3>Google Fonts (hosting locale)<\/h3> <p>Questo sito utilizza i cosiddetti Google Fonts, forniti da Google, per la visualizzazione uniforme dei caratteri. I Google Fonts sono installati localmente. Non avviene alcuna connessione ai server di Google.  <\/p> <p>Puoi trovare ulteriori informazioni su Google Fonts all\u2019indirizzo <a href=\"https:\/\/developers.google.com\/fonts\/faq\" target=\"_blank\" rel=\"noopener noreferrer\">https:\/\/developers.google.com\/fonts\/faq<\/a> e nell\u2019informativa sulla privacy di Google: <a href=\"https:\/\/policies.google.com\/privacy?hl=de\" target=\"_blank\" rel=\"noopener noreferrer\">https:\/\/policies.google.com\/privacy?hl=it<\/a>.<\/p>\n<h3>Font Awesome (hosting locale)<\/h3> <p>Questo sito utilizza Font Awesome per la visualizzazione uniforme dei caratteri. Font Awesome \u00e8 installato localmente. Non avviene alcuna connessione ai server di Fonticons, Inc.   <\/p> <p>Puoi trovare ulteriori informazioni su Font Awesome nell\u2019informativa sulla privacy di Font Awesome all\u2019indirizzo: <a href=\"https:\/\/fontawesome.com\/privacy\" target=\"_blank\" rel=\"noopener noreferrer\">https:\/\/fontawesome.com\/privacy<\/a>.<\/p>\t\t\t\t\t\t\t\t<\/div>\n\t\t\t\t<\/div>\n\t\t\t\t\t<\/div>\n\t\t<\/div>\n\t\t\t\t\t<\/div>\n\t\t<\/section>\n\t\t\t\t<\/div>\n\t\t","protected":false},"excerpt":{"rendered":"<p>Informativa sulla privacy 1. Panoramica sulla protezione dei dati Informazioni generali Le seguenti informazioni offrono una semplice panoramica di ci\u00f2 che accade ai tuoi dati personali quando visiti questo sito web. I dati personali sono tutti i dati che permettono di identificarti personalmente. Per informazioni dettagliate sul tema della protezione dei dati, consulta la nostra [&hellip;]<\/p>\n","protected":false},"author":1,"featured_media":0,"parent":0,"menu_order":0,"comment_status":"closed","ping_status":"open","template":"","meta":{"footnotes":""},"class_list":["post-1789","page","type-page","status-publish","hentry"],"_links":{"self":[{"href":"https:\/\/baeren-green-energy.at\/it\/wp-json\/wp\/v2\/pages\/1789","targetHints":{"allow":["GET"]}}],"collection":[{"href":"https:\/\/baeren-green-energy.at\/it\/wp-json\/wp\/v2\/pages"}],"about":[{"href":"https:\/\/baeren-green-energy.at\/it\/wp-json\/wp\/v2\/types\/page"}],"author":[{"embeddable":true,"href":"https:\/\/baeren-green-energy.at\/it\/wp-json\/wp\/v2\/users\/1"}],"replies":[{"embeddable":true,"href":"https:\/\/baeren-green-energy.at\/it\/wp-json\/wp\/v2\/comments?post=1789"}],"version-history":[{"count":1,"href":"https:\/\/baeren-green-energy.at\/it\/wp-json\/wp\/v2\/pages\/1789\/revisions"}],"predecessor-version":[{"id":1790,"href":"https:\/\/baeren-green-energy.at\/it\/wp-json\/wp\/v2\/pages\/1789\/revisions\/1790"}],"wp:attachment":[{"href":"https:\/\/baeren-green-energy.at\/it\/wp-json\/wp\/v2\/media?parent=1789"}],"curies":[{"name":"wp","href":"https:\/\/api.w.org\/{rel}","templated":true}]}}